{"id":528,"date":"2021-06-27T20:09:13","date_gmt":"2021-06-27T20:09:13","guid":{"rendered":"https:\/\/santacatalinamartir.archimadrid.es\/?page_id=528"},"modified":"2021-07-04T10:23:27","modified_gmt":"2021-07-04T10:23:27","slug":"consagracion-de-majadahonda-al-inmaculado-corazon-de-maria","status":"publish","type":"page","link":"https:\/\/santacatalinamartir.archimadrid.es\/?page_id=528","title":{"rendered":"Consagraci\u00f3n de Majadahonda al Inmaculado Coraz\u00f3n de Mar\u00eda"},"content":{"rendered":"\n<p><span style=\"color:#a30004\" class=\"has-inline-color\">Oraci\u00f3n que pronunci\u00f3 el alcalde del pueblo, en ese momento D. Julio Labrandero Descalzo, el 8 de diciembre de 1954, en la consagraci\u00f3n de Majadahonda al inmaculado coraz\u00f3n de Mar\u00eda.<\/span><\/p>\n\n\n\n<p>Augusta Madre de Dios y Madre compasiva de los hombres:<\/p>\n\n\n\n<p>Este pueblo castellano de Majadahonda, regado con el sudor de nuestros hombres fieles en su cotidiano trabajo y ungido con la piedad cristiana de nuestras mujeres, viene a cumplir hoy un deber de amor y gratitud.<\/p>\n\n\n\n<p>\u00a1Oh, Se\u00f1ora! Ya que el coraz\u00f3n es el s\u00edmbolo y cifra del amor, vuestro coraz\u00f3n inmaculado es tambi\u00e9n la cifra de vuestro amor a Dios redentor, de quien sois madre, y a todos los hombres, de quien lo sois en esp\u00edritu, como Corredentora y Abogada nuestra.<\/p>\n\n\n\n<p>El Romano Pont\u00edfice, vicario de Cristo en la tierra, nuestro supremo padre y maestro, secundando inspiraciones y llamadas del cielo, ha consagrado a vuestro Coraz\u00f3n el mundo entero.<\/p>\n\n\n\n<p>Los Obispos de Espa\u00f1a, siguiendo como siempre al de Roma, han consagrado igualmente sus di\u00f3cesis.<\/p>\n\n\n\n<p>Y porque la vida oficial de una naci\u00f3n cat\u00f3lica debe reflejar la vida religiosa de sus ciudadanos y dar culto a Dios seg\u00fan las ense\u00f1anzas de la Iglesia, el Estado espa\u00f1ol acudi\u00f3 tambi\u00e9n en su d\u00eda ante vuestro altar, en Zaragoza, para consagrar oficialmente toda la patria a vuestro coraz\u00f3n Pur\u00edsimo.<\/p>\n\n\n\n<p>Y porque nosotros, los que componemos la comunidad de este pueblo de Majadahonda, nos sentimos ligados por la fe inquebrantable de nuestro supremo pastor, el Obispo de Roma y Vicario de Cristo en la tierra, y a nuestro prelado diocesano, y unidos por nuestra cuna patria a nuestros dignos gobernantes, hoy queremos consagrar oficialmente todo nuestro pueblo a vuestro Inmaculado Coraz\u00f3n, poni\u00e9ndolo al abrigo de vuestro maternal amor.<\/p>\n\n\n\n<p>Ninguna ocasi\u00f3n mejor para ello que la que nos brinda hoy vuestra fiesta en la que celebramos, junto con el centenario de la definici\u00f3n dogm\u00e1tica de vuestra Concepci\u00f3n sin mancha, la solemne clausura del A\u00f1o Santo Mariano.<\/p>\n\n\n\n<p>As\u00ed, pues, Madre y Se\u00f1ora nuestra, henchidos de gratitud y amor, con humildad por nuestras deficiencias y conscientes de los derechos que como madre de Dios y Corredentora y Madre Nuestra ten\u00e9is sobre nosotros, reafirmamos nuestra fe cat\u00f3lica, apost\u00f3lica y romana renovando los prop\u00f3sitos de la vida \u00edntegramente cristiana como individuos y como pueblo.<\/p>\n\n\n\n<p><strong>Y yo, como Alcalde y Primera Autoridad de este pueblo, recogiendo los sentimientos cat\u00f3licos de todos los ciudadanos, en nombre de todos ellos de forma oficial e irrevocable, solemne y p\u00fablica, os consagro en este acto transcendental en los anales de nuestra historia, a perpetuidad nuestro muy querido pueblo de Majadahonda, con sus tierras y sus hombres, con sus trabajos y desvelos, con sus afanes e inquietudes, a vuestro Pur\u00edsimo e Inmaculado Coraz\u00f3n.<\/strong><\/p>\n\n\n\n<p><strong>Miradnos Se\u00f1ora, desde ahora, como cosa y posesi\u00f3n vuestra.<\/strong><\/p>\n\n\n\n<p><strong>Amparadnos y defendednos.<\/strong><\/p>\n\n\n\n<p><strong>Sed nuestro seguro camino hacia Dios.<\/strong><\/p>\n\n\n\n<p><strong>Sed nuestra Medianera y Abogada.<\/strong><\/p>\n\n\n\n<p><strong>Obtenernos de Dios el perd\u00f3n de nuestros pecados, la fidelidad a la ley cristiana y la perseverancia en el bien.<\/strong><\/p>\n\n\n\n<p><strong>Bendecidnos a nosotros y a nuestros campos para que nuestro pueblo os sirva con coraz\u00f3n dilatado y libre de angustias, pues sois madre de todos.<\/strong><\/p>\n\n\n\n<p><strong>Dadnos la fraternidad de los unos para con los otros y amor cristiano para con nuestros enemigos.<\/strong><\/p>\n\n\n\n<p><strong>Reinad sobre todos nosotros en uni\u00f3n de vuestro Divino Hijo, cuyo reino es de justicia y santidad, de paz, de amor y de gracia. As\u00ed sea<\/strong>.<\/p>\n","protected":false},"excerpt":{"rendered":"<p>Oraci\u00f3n que pronunci\u00f3 el alcalde del pueblo, en ese momento D. Julio Labrandero Descalzo, el 8 de diciembre de 1954, [&hellip;]<\/p>\n","protected":false},"author":2,"featured_media":0,"parent":0,"menu_order":0,"comment_status":"closed","ping_status":"closed","template":"","meta":{"site-sidebar-layout":"default","site-content-layout":"","ast-site-content-layout":"","site-content-style":"default","site-sidebar-style":"default","ast-global-header-display":"","ast-banner-title-visibility":"","ast-main-header-display":"","ast-hfb-above-header-display":"","ast-hfb-below-header-display":"","ast-hfb-mobile-header-display":"","site-post-title":"","ast-breadcrumbs-content":"","ast-featured-img":"","footer-sml-layout":"","theme-transparent-header-meta":"","adv-header-id-meta":"","stick-header-meta":"","header-above-stick-meta":"","header-main-stick-meta":"","header-below-stick-meta":"","astra-migrate-meta-layouts":"default","ast-page-background-enabled":"default","ast-page-background-meta":{"desktop":{"background-color":"var(--ast-global-color-4)","background-image":"","background-repeat":"repeat","background-position":"center center","background-size":"auto","background-attachment":"scroll","background-type":"","background-media":"","overlay-type":"","overlay-color":"","overlay-gradient":""},"tablet":{"background-color":"","background-image":"","background-repeat":"repeat","background-position":"center center","background-size":"auto","background-attachment":"scroll","background-type":"","background-media":"","overlay-type":"","overlay-color":"","overlay-gradient":""},"mobile":{"background-color":"","background-image":"","background-repeat":"repeat","background-position":"center center","background-size":"auto","background-attachment":"scroll","background-type":"","background-media":"","overlay-type":"","overlay-color":"","overlay-gradient":""}},"ast-content-background-meta":{"desktop":{"background-color":"var(--ast-global-color-5)","background-image":"","background-repeat":"repeat","background-position":"center center","background-size":"auto","background-attachment":"scroll","background-type":"","background-media":"","overlay-type":"","overlay-color":"","overlay-gradient":""},"tablet":{"background-color":"var(--ast-global-color-5)","background-image":"","background-repeat":"repeat","background-position":"center center","background-size":"auto","background-attachment":"scroll","background-type":"","background-media":"","overlay-type":"","overlay-color":"","overlay-gradient":""},"mobile":{"background-color":"var(--ast-global-color-5)","background-image":"","background-repeat":"repeat","background-position":"center center","background-size":"auto","background-attachment":"scroll","background-type":"","background-media":"","overlay-type":"","overlay-color":"","overlay-gradient":""}},"footnotes":""},"class_list":["post-528","page","type-page","status-publish","hentry"],"jetpack_sharing_enabled":true,"_links":{"self":[{"href":"https:\/\/santacatalinamartir.archimadrid.es\/index.php?rest_route=\/wp\/v2\/pages\/528","targetHints":{"allow":["GET"]}}],"collection":[{"href":"https:\/\/santacatalinamartir.archimadrid.es\/index.php?rest_route=\/wp\/v2\/pages"}],"about":[{"href":"https:\/\/santacatalinamartir.archimadrid.es\/index.php?rest_route=\/wp\/v2\/types\/page"}],"author":[{"embeddable":true,"href":"https:\/\/santacatalinamartir.archimadrid.es\/index.php?rest_route=\/wp\/v2\/users\/2"}],"replies":[{"embeddable":true,"href":"https:\/\/santacatalinamartir.archimadrid.es\/index.php?rest_route=%2Fwp%2Fv2%2Fcomments&post=528"}],"version-history":[{"count":7,"href":"https:\/\/santacatalinamartir.archimadrid.es\/index.php?rest_route=\/wp\/v2\/pages\/528\/revisions"}],"predecessor-version":[{"id":774,"href":"https:\/\/santacatalinamartir.archimadrid.es\/index.php?rest_route=\/wp\/v2\/pages\/528\/revisions\/774"}],"wp:attachment":[{"href":"https:\/\/santacatalinamartir.archimadrid.es\/index.php?rest_route=%2Fwp%2Fv2%2Fmedia&parent=528"}],"curies":[{"name":"wp","href":"https:\/\/api.w.org\/{rel}","templated":true}]}}