{"id":525,"date":"2021-06-27T20:07:13","date_gmt":"2021-06-27T20:07:13","guid":{"rendered":"https:\/\/santacatalinamartir.archimadrid.es\/?page_id=525"},"modified":"2021-07-03T23:49:06","modified_gmt":"2021-07-03T23:49:06","slug":"parrocos-de-santa-catalina","status":"publish","type":"page","link":"https:\/\/santacatalinamartir.archimadrid.es\/?page_id=525","title":{"rendered":"P\u00e1rrocos de Santa Catalina"},"content":{"rendered":"\n<div class=\"wp-block-columns is-layout-flex wp-container-core-columns-is-layout-1 wp-block-columns-is-layout-flex\">\n<div class=\"wp-block-column is-layout-flow wp-block-column-is-layout-flow\">\n<div class=\"wp-block-image\"><figure class=\"aligncenter size-medium\"><img fetchpriority=\"high\" decoding=\"async\" width=\"227\" height=\"300\" src=\"https:\/\/santacatalinamartir.archimadrid.es\/wp-content\/uploads\/2021\/06\/baldomero-rodriguez-227x300.png\" alt=\"\" class=\"wp-image-326\" srcset=\"https:\/\/santacatalinamartir.archimadrid.es\/wp-content\/uploads\/2021\/06\/baldomero-rodriguez-227x300.png 227w, https:\/\/santacatalinamartir.archimadrid.es\/wp-content\/uploads\/2021\/06\/baldomero-rodriguez.png 261w\" sizes=\"(max-width: 227px) 100vw, 227px\" \/><\/figure><\/div>\n<\/div>\n\n\n\n<div class=\"wp-block-column is-layout-flow wp-block-column-is-layout-flow\">\n<div class=\"wp-block-image\"><figure class=\"aligncenter size-medium\"><img decoding=\"async\" width=\"198\" height=\"300\" src=\"https:\/\/santacatalinamartir.archimadrid.es\/wp-content\/uploads\/2021\/07\/domingo-de-ramos-2-198x300.jpg\" alt=\"\" class=\"wp-image-597\" srcset=\"https:\/\/santacatalinamartir.archimadrid.es\/wp-content\/uploads\/2021\/07\/domingo-de-ramos-2-198x300.jpg 198w, https:\/\/santacatalinamartir.archimadrid.es\/wp-content\/uploads\/2021\/07\/domingo-de-ramos-2-674x1024.jpg 674w, https:\/\/santacatalinamartir.archimadrid.es\/wp-content\/uploads\/2021\/07\/domingo-de-ramos-2-768x1166.jpg 768w, https:\/\/santacatalinamartir.archimadrid.es\/wp-content\/uploads\/2021\/07\/domingo-de-ramos-2.jpg 843w\" sizes=\"(max-width: 198px) 100vw, 198px\" \/><\/figure><\/div>\n<\/div>\n<\/div>\n\n\n\n<p>En 1938, el Obispado, a pesar de no haber terminado la guerra, envi\u00f3 el primer p\u00e1rroco de la nueva \u00e9poca. Desde entonces, estos han sido los p\u00e1rrocos de Santa Catalina:<\/p>\n\n\n\n<ul class=\"wp-block-list\"><li>D. Gregorio Vi\u00f1uelas Gamo (1938-1940)<\/li><li>D. Alejandro Merino Arag\u00f3n (1940-1941)<\/li><li>D. Cayo Iruzubieta Anguiano (1941-1943)<\/li><li>D. \u00c1ngel Sardina Sanz (1943-1952)<\/li><li>D. Faustino Botello Fern\u00e1ndez (1952-1955)<\/li><li>D. Florentino Garc\u00eda Mu\u00f1oz (1955-58)<\/li><li>D. Pablo Alobera de Rio ( 1958-78)<\/li><li>D. Jos\u00e9 Mar\u00eda D\u00edaz (1978)<\/li><li>D. Baldomero Rodr\u00edguez Moreno (1978-2010)<\/li><li>D. Juan Francisco P\u00e9rez Ruano (desde 2010)<\/li><\/ul>\n","protected":false},"excerpt":{"rendered":"<p>En 1938, el Obispado, a pesar de no haber terminado la guerra, envi\u00f3 el primer p\u00e1rroco de la nueva \u00e9poca. [&hellip;]<\/p>\n","protected":false},"author":2,"featured_media":0,"parent":0,"menu_order":0,"comment_status":"closed","ping_status":"closed","template":"","meta":{"site-sidebar-layout":"default","site-content-layout":"","ast-site-content-layout":"","site-content-style":"default","site-sidebar-style":"default","ast-global-header-display":"","ast-banner-title-visibility":"","ast-main-header-display":"","ast-hfb-above-header-display":"","ast-hfb-below-header-display":"","ast-hfb-mobile-header-display":"","site-post-title":"","ast-breadcrumbs-content":"","ast-featured-img":"","footer-sml-layout":"","theme-transparent-header-meta":"","adv-header-id-meta":"","stick-header-meta":"","header-above-stick-meta":"","header-main-stick-meta":"","header-below-stick-meta":"","astra-migrate-meta-layouts":"default","ast-page-background-enabled":"default","ast-page-background-meta":{"desktop":{"background-color":"var(--ast-global-color-4)","background-image":"","background-repeat":"repeat","background-position":"center center","background-size":"auto","background-attachment":"scroll","background-type":"","background-media":"","overlay-type":"","overlay-color":"","overlay-gradient":""},"tablet":{"background-color":"","background-image":"","background-repeat":"repeat","background-position":"center center","background-size":"auto","background-attachment":"scroll","background-type":"","background-media":"","overlay-type":"","overlay-color":"","overlay-gradient":""},"mobile":{"background-color":"","background-image":"","background-repeat":"repeat","background-position":"center center","background-size":"auto","background-attachment":"scroll","background-type":"","background-media":"","overlay-type":"","overlay-color":"","overlay-gradient":""}},"ast-content-background-meta":{"desktop":{"background-color":"var(--ast-global-color-5)","background-image":"","background-repeat":"repeat","background-position":"center center","background-size":"auto","background-attachment":"scroll","background-type":"","background-media":"","overlay-type":"","overlay-color":"","overlay-gradient":""},"tablet":{"background-color":"var(--ast-global-color-5)","background-image":"","background-repeat":"repeat","background-position":"center center","background-size":"auto","background-attachment":"scroll","background-type":"","background-media":"","overlay-type":"","overlay-color":"","overlay-gradient":""},"mobile":{"background-color":"var(--ast-global-color-5)","background-image":"","background-repeat":"repeat","background-position":"center center","background-size":"auto","background-attachment":"scroll","background-type":"","background-media":"","overlay-type":"","overlay-color":"","overlay-gradient":""}},"footnotes":""},"class_list":["post-525","page","type-page","status-publish","hentry"],"jetpack_sharing_enabled":true,"_links":{"self":[{"href":"https:\/\/santacatalinamartir.archimadrid.es\/index.php?rest_route=\/wp\/v2\/pages\/525","targetHints":{"allow":["GET"]}}],"collection":[{"href":"https:\/\/santacatalinamartir.archimadrid.es\/index.php?rest_route=\/wp\/v2\/pages"}],"about":[{"href":"https:\/\/santacatalinamartir.archimadrid.es\/index.php?rest_route=\/wp\/v2\/types\/page"}],"author":[{"embeddable":true,"href":"https:\/\/santacatalinamartir.archimadrid.es\/index.php?rest_route=\/wp\/v2\/users\/2"}],"replies":[{"embeddable":true,"href":"https:\/\/santacatalinamartir.archimadrid.es\/index.php?rest_route=%2Fwp%2Fv2%2Fcomments&post=525"}],"version-history":[{"count":6,"href":"https:\/\/santacatalinamartir.archimadrid.es\/index.php?rest_route=\/wp\/v2\/pages\/525\/revisions"}],"predecessor-version":[{"id":742,"href":"https:\/\/santacatalinamartir.archimadrid.es\/index.php?rest_route=\/wp\/v2\/pages\/525\/revisions\/742"}],"wp:attachment":[{"href":"https:\/\/santacatalinamartir.archimadrid.es\/index.php?rest_route=%2Fwp%2Fv2%2Fmedia&parent=525"}],"curies":[{"name":"wp","href":"https:\/\/api.w.org\/{rel}","templated":true}]}}